{"id":33,"date":"2014-06-18T05:38:14","date_gmt":"2014-06-18T05:38:14","guid":{"rendered":"https:\/\/fashionandillustration.com\/?page_id=33"},"modified":"2025-10-11T02:19:52","modified_gmt":"2025-10-11T00:19:52","slug":"paola-castillo","status":"publish","type":"page","link":"https:\/\/fashionandillustration.com\/it\/paola-castillo\/","title":{"rendered":"Paola Castillo"},"content":{"rendered":"<div class=\"wpb-content-wrapper\"><p>[vc_row][vc_column][\/vc_column][\/vc_row][vc_row][vc_column width=&#8221;1\/2&#8243;][vc_single_image image=&#8221;46078&#8243; img_size=&#8221;full&#8221; alignment=&#8221;center&#8221; style=&#8221;vc_box_rounded&#8221;][vc_btn title=&#8221;C.V.&#8221; align=&#8221;center&#8221; button_block=&#8221;true&#8221; el_id=&#8221;curriculo&#8221; el_class=&#8221;curriculo&#8221; link=&#8221;url:https%3A%2F%2Ffashionandillustration.com%2Fwp-content%2Fuploads%2F2019%2F01%2FCurriculum-Vitae-Paola-Castillo-Italiano.pdf||target:%20_blank|&#8221;][vc_btn title=&#8221;LinkedIn&#8221; align=&#8221;center&#8221; button_block=&#8221;true&#8221; el_id=&#8221;in&#8221; el_class=&#8221;in&#8221; link=&#8221;url:https%3A%2F%2Fwww.linkedin.com%2Fin%2Fpaola-carolina-castillo-a2b31846%2F%3Flocale%3Dit_IT||target:%20_blank|&#8221;][\/vc_column][vc_column width=&#8221;1\/2&#8243;][vc_column_text]<\/p>\n<h1 style=\"text-align: center;\">Ciao, sono Paola Castillo<\/h1>\n<p>[\/vc_column_text][vc_column_text]<\/p>\n<p class=\"p-especial\"><em>Sono nata a Bogot\u00e1, la capitale della Colombia, poi ho vissuto per 12 anni nella citt\u00e0 di Medell\u00edn e dal 2008 abito a Torino.<\/em><\/p>\n<p><em>Mi sono laureata in Disegno di Moda nel 2000, presso l&#8217;universit\u00e0 Colegiatura Colombiana di Medell\u00edn. <\/em><\/p>\n<p><em>Il mio percorso come Fashion Designer e Illustratrice di Moda Freelance \u00e8 iniziato dal secondo anno di universit\u00e0, quando diverse aziende e brand locali mi hanno contattato per creare illustrazioni di moda.<\/em><\/p>\n<p><em>Nel 1999 ho fatto lo stage come Fashion Designer per un\u2019azienda locale e successivamente ho continuato a lavorare in diverse aziende dell&#8217;industria della moda, dove principalmente facevo la progettazione di abbigliamento Casual, Jeanswear e Sportswear (donna, uomo e junior). In parallelo, lavoravo come illustratrice di moda freelance per diverse aziende a livello nazionale, dove ho potuto ampliare ulteriormente le mie conoscenze nel mercato della biancheria intima, costumi da bagno, nightwear, divise istituzionali e abiti da cerimonia.<\/em><\/p>\n<p><em>Dopo tutte queste esperienze lavorative con approccio multidisciplinare, ho cominciato ad affinare le mie competenze nell design di borse, scarpe e accessori, in questo modo la mia carriera professionale prende una nuova direzione, e cos\u00ec, all&#8217;inizio del 2005, ho deciso di mettermi in proprio creando una azienda di borse e accessori.<\/em><\/p>\n<p><em>E\u2019 stato un bellissimo progetto che mi ha dato tante soddisfazioni professionali\u00a0e personali. <\/em><\/p>\n<p><em>Sono stata vincitrice di 2 premi promossi dal dipartimento di Antioquia (Colombia), ho partecipato in varie fiere e sfilate nazionali con i miei prodotti, ho costruito e strutturato\u00a0una rete di vendite a livello nazionale,\u00a0sono stata invitata a condividere la mia esperienza imprenditoriale\u00a0ed \u00e8 stata presa a modello nelle scuole, nelle\u00a0associazioni\u00a0di categoria ed ha avuto\u00a0risalto su testate giornalistiche di settore e programmi televisive.<\/em><\/p>\n<p><em>Nel 2008, \u00a0ho\u00a0abbracciato\u00a0la sfida di un nuovo\u00a0progetto lavorativo e ho\u00a0deciso di lanciarmi e investire su nuovi mercati: mi sono trasferita in Italia, il paese della moda.\u00a0<\/em><\/p>\n<p><em>Dal\u00a02009, nella citt\u00e0 di Torino, ho fatto un corso di specializzazione in Fashion Design e poi ho lavorato fino a met\u00e0 del 2013 per una nota azienda italiana come Developer Accessories. E\u2019 stata un&#8217;opportunit\u00e0\u00a0molto interessante perch\u00e9 mi ha permesso di conoscere nuovi mercati ed ha ampliato la mia esperienza professionale.<\/em><\/p>\n<p><em>Attualmente sto lavorando come Fashion Designer e Illustratrice freelance e offro consulenze a studenti e imprenditori dei settori moda e tessile.<\/em><\/p>\n<p><em>Lavoro anche nel mio blog, uno spazio dove condivido le mie conoscenze, tecniche, strategie e la mia crescita professionale, in modo che possa servire come materiale di riferimento, supporto tecnico e\u00a0ispirazione per coloro che studiano, lavorano o pianificano il loro futuro nel campo della moda e del design.<\/em><\/p>\n<p><em>Adesso che sai la mia storia, ti do il benvenuto. <\/em><\/p>\n<p><em>Spero che il mio blog sia di tuo gradimento e che tu possa trovare qui gli strumenti e consigli che stai cercando.<\/em><\/p>\n<p><em>Se vuoi sapere di pi\u00f9 sulla mia esperienza professionale puoi guardare il mio Curricum Vitae cliccando sul link <strong>C.V.<\/strong> o su <strong>LinkedIn<\/strong>.<\/em><\/p>\n<p><em>A presto!<\/em>[\/vc_column_text][\/vc_column][\/vc_row]<\/p>\n<\/div>","protected":false},"excerpt":{"rendered":"<p>[vc_row][vc_column][\/vc_column][\/vc_row][vc_row][vc_column width=&#8221;1\/2&#8243;][vc_single_image image=&#8221;46078&#8243; img_size=&#8221;full&#8221; alignment=&#8221;center&#8221; style=&#8221;vc_box_rounded&#8221;][vc_btn title=&#8221;C.V.&#8221; align=&#8221;center&#8221; button_block=&#8221;true&#8221; el_id=&#8221;curriculo&#8221; el_class=&#8221;curriculo&#8221; link=&#8221;url:https%3A%2F%2Ffashionandillustration.com%2Fwp-content%2Fuploads%2F2019%2F01%2FCurriculum-Vitae-Paola-Castillo-Italiano.pdf||target:%20_blank|&#8221;][vc_btn title=&#8221;LinkedIn&#8221; align=&#8221;center&#8221; button_block=&#8221;true&#8221; el_id=&#8221;in&#8221; el_class=&#8221;in&#8221; link=&#8221;url:https%3A%2F%2Fwww.linkedin.com%2Fin%2Fpaola-carolina-castillo-a2b31846%2F%3Flocale%3Dit_IT||target:%20_blank|&#8221;][\/vc_column][vc_column width=&#8221;1\/2&#8243;][vc_column_text] Ciao, sono Paola Castillo [\/vc_column_text][vc_column_text] Sono nata a Bogot\u00e1, la capitale della Colombia, poi ho vissuto per 12 anni nella citt\u00e0 di Medell\u00edn e dal 2008 abito a Torino. Mi sono laureata in Disegno di Moda<a href=\"https:\/\/fashionandillustration.com\/it\/paola-castillo\/\" class=\"more-link\">LEER M\u00c1S<\/a><\/p>\n","protected":false},"author":1,"featured_media":33798,"parent":0,"menu_order":0,"comment_status":"closed","ping_status":"closed","template":"","meta":{"_monsterinsights_skip_tracking":false,"_monsterinsights_sitenote_active":false,"_monsterinsights_sitenote_note":"","_monsterinsights_sitenote_category":0,"footnotes":""},"class_list":["post-33","page","type-page","status-publish","has-post-thumbnail","hentry"],"yoast_head":"<!-- This site is optimized with the Yoast SEO plugin v27.3 - https:\/\/yoast.com\/product\/yoast-seo-wordpress\/ -->\n<title>Paola Castillo<\/title>\n<meta name=\"robots\" content=\"index, follow, max-snippet:-1, max-image-preview:large, max-video-preview:-1\" \/>\n<link rel=\"canonical\" href=\"https:\/\/fashionandillustration.com\/it\/paola-castillo\/\" \/>\n<meta property=\"og:locale\" content=\"it_IT\" \/>\n<meta property=\"og:type\" content=\"article\" \/>\n<meta property=\"og:title\" content=\"Paola Castillo\" \/>\n<meta property=\"og:description\" content=\"[vc_row][vc_column][\/vc_column][\/vc_row][vc_row][vc_column width=&#8221;1\/2&#8243;][vc_single_image image=&#8221;46078&#8243; img_size=&#8221;full&#8221; alignment=&#8221;center&#8221; style=&#8221;vc_box_rounded&#8221;][vc_btn title=&#8221;C.V.&#8221; align=&#8221;center&#8221; button_block=&#8221;true&#8221; el_id=&#8221;curriculo&#8221; el_class=&#8221;curriculo&#8221; link=&#8221;url:https%3A%2F%2Ffashionandillustration.com%2Fwp-content%2Fuploads%2F2019%2F01%2FCurriculum-Vitae-Paola-Castillo-Italiano.pdf||target:%20_blank|&#8221;][vc_btn title=&#8221;LinkedIn&#8221; align=&#8221;center&#8221; button_block=&#8221;true&#8221; el_id=&#8221;in&#8221; el_class=&#8221;in&#8221; link=&#8221;url:https%3A%2F%2Fwww.linkedin.com%2Fin%2Fpaola-carolina-castillo-a2b31846%2F%3Flocale%3Dit_IT||target:%20_blank|&#8221;][\/vc_column][vc_column width=&#8221;1\/2&#8243;][vc_column_text] Ciao, sono Paola Castillo [\/vc_column_text][vc_column_text] Sono nata a Bogot\u00e1, la capitale della Colombia, poi ho vissuto per 12 anni nella citt\u00e0 di Medell\u00edn e dal 2008 abito a Torino. Mi sono laureata in Disegno di ModaLEER M\u00c1S\" \/>\n<meta property=\"og:url\" content=\"https:\/\/fashionandillustration.com\/it\/paola-castillo\/\" \/>\n<meta property=\"article:publisher\" content=\"https:\/\/www.facebook.com\/fashionandiIlustration\/\" \/>\n<meta property=\"article:modified_time\" content=\"2025-10-11T00:19:52+00:00\" \/>\n<meta property=\"og:image\" content=\"https:\/\/fashionandillustration.com\/wp-content\/uploads\/2014\/06\/Photo-Paola-Castillo1.jpg\" \/>\n\t<meta property=\"og:image:width\" content=\"800\" \/>\n\t<meta property=\"og:image:height\" content=\"1287\" \/>\n\t<meta property=\"og:image:type\" content=\"image\/jpeg\" \/>\n<meta name=\"twitter:label1\" content=\"Tempo di lettura stimato\" \/>\n\t<meta name=\"twitter:data1\" content=\"3 minuti\" \/>\n<script type=\"application\/ld+json\" class=\"yoast-schema-graph\">{\"@context\":\"https:\\\/\\\/schema.org\",\"@graph\":[{\"@type\":\"WebPage\",\"@id\":\"https:\\\/\\\/fashionandillustration.com\\\/it\\\/paola-castillo\\\/\",\"url\":\"https:\\\/\\\/fashionandillustration.com\\\/it\\\/paola-castillo\\\/\",\"name\":\"Paola Castillo\",\"isPartOf\":{\"@id\":\"https:\\\/\\\/fashionandillustration.com\\\/en\\\/#website\"},\"primaryImageOfPage\":{\"@id\":\"https:\\\/\\\/fashionandillustration.com\\\/it\\\/paola-castillo\\\/#primaryimage\"},\"image\":{\"@id\":\"https:\\\/\\\/fashionandillustration.com\\\/it\\\/paola-castillo\\\/#primaryimage\"},\"thumbnailUrl\":\"https:\\\/\\\/fashionandillustration.com\\\/wp-content\\\/uploads\\\/2014\\\/06\\\/Photo-Paola-Castillo1.jpg\",\"datePublished\":\"2014-06-18T05:38:14+00:00\",\"dateModified\":\"2025-10-11T00:19:52+00:00\",\"breadcrumb\":{\"@id\":\"https:\\\/\\\/fashionandillustration.com\\\/it\\\/paola-castillo\\\/#breadcrumb\"},\"inLanguage\":\"it-IT\",\"potentialAction\":[{\"@type\":\"ReadAction\",\"target\":[\"https:\\\/\\\/fashionandillustration.com\\\/it\\\/paola-castillo\\\/\"]}]},{\"@type\":\"ImageObject\",\"inLanguage\":\"it-IT\",\"@id\":\"https:\\\/\\\/fashionandillustration.com\\\/it\\\/paola-castillo\\\/#primaryimage\",\"url\":\"https:\\\/\\\/fashionandillustration.com\\\/wp-content\\\/uploads\\\/2014\\\/06\\\/Photo-Paola-Castillo1.jpg\",\"contentUrl\":\"https:\\\/\\\/fashionandillustration.com\\\/wp-content\\\/uploads\\\/2014\\\/06\\\/Photo-Paola-Castillo1.jpg\",\"width\":800,\"height\":1287},{\"@type\":\"BreadcrumbList\",\"@id\":\"https:\\\/\\\/fashionandillustration.com\\\/it\\\/paola-castillo\\\/#breadcrumb\",\"itemListElement\":[{\"@type\":\"ListItem\",\"position\":1,\"name\":\"Home\",\"item\":\"https:\\\/\\\/fashionandillustration.com\\\/it\\\/\"},{\"@type\":\"ListItem\",\"position\":2,\"name\":\"Paola Castillo\"}]},{\"@type\":\"WebSite\",\"@id\":\"https:\\\/\\\/fashionandillustration.com\\\/en\\\/#website\",\"url\":\"https:\\\/\\\/fashionandillustration.com\\\/en\\\/\",\"name\":\"\",\"description\":\"\",\"potentialAction\":[{\"@type\":\"SearchAction\",\"target\":{\"@type\":\"EntryPoint\",\"urlTemplate\":\"https:\\\/\\\/fashionandillustration.com\\\/en\\\/?s={search_term_string}\"},\"query-input\":{\"@type\":\"PropertyValueSpecification\",\"valueRequired\":true,\"valueName\":\"search_term_string\"}}],\"inLanguage\":\"it-IT\"}]}<\/script>\n<!-- \/ Yoast SEO plugin. -->","yoast_head_json":{"title":"Paola Castillo","robots":{"index":"index","follow":"follow","max-snippet":"max-snippet:-1","max-image-preview":"max-image-preview:large","max-video-preview":"max-video-preview:-1"},"canonical":"https:\/\/fashionandillustration.com\/it\/paola-castillo\/","og_locale":"it_IT","og_type":"article","og_title":"Paola Castillo","og_description":"[vc_row][vc_column][\/vc_column][\/vc_row][vc_row][vc_column width=&#8221;1\/2&#8243;][vc_single_image image=&#8221;46078&#8243; img_size=&#8221;full&#8221; alignment=&#8221;center&#8221; style=&#8221;vc_box_rounded&#8221;][vc_btn title=&#8221;C.V.&#8221; align=&#8221;center&#8221; button_block=&#8221;true&#8221; el_id=&#8221;curriculo&#8221; el_class=&#8221;curriculo&#8221; link=&#8221;url:https%3A%2F%2Ffashionandillustration.com%2Fwp-content%2Fuploads%2F2019%2F01%2FCurriculum-Vitae-Paola-Castillo-Italiano.pdf||target:%20_blank|&#8221;][vc_btn title=&#8221;LinkedIn&#8221; align=&#8221;center&#8221; button_block=&#8221;true&#8221; el_id=&#8221;in&#8221; el_class=&#8221;in&#8221; link=&#8221;url:https%3A%2F%2Fwww.linkedin.com%2Fin%2Fpaola-carolina-castillo-a2b31846%2F%3Flocale%3Dit_IT||target:%20_blank|&#8221;][\/vc_column][vc_column width=&#8221;1\/2&#8243;][vc_column_text] Ciao, sono Paola Castillo [\/vc_column_text][vc_column_text] Sono nata a Bogot\u00e1, la capitale della Colombia, poi ho vissuto per 12 anni nella citt\u00e0 di Medell\u00edn e dal 2008 abito a Torino. Mi sono laureata in Disegno di ModaLEER M\u00c1S","og_url":"https:\/\/fashionandillustration.com\/it\/paola-castillo\/","article_publisher":"https:\/\/www.facebook.com\/fashionandiIlustration\/","article_modified_time":"2025-10-11T00:19:52+00:00","og_image":[{"width":800,"height":1287,"url":"https:\/\/fashionandillustration.com\/wp-content\/uploads\/2014\/06\/Photo-Paola-Castillo1.jpg","type":"image\/jpeg"}],"twitter_misc":{"Tempo di lettura stimato":"3 minuti"},"schema":{"@context":"https:\/\/schema.org","@graph":[{"@type":"WebPage","@id":"https:\/\/fashionandillustration.com\/it\/paola-castillo\/","url":"https:\/\/fashionandillustration.com\/it\/paola-castillo\/","name":"Paola Castillo","isPartOf":{"@id":"https:\/\/fashionandillustration.com\/en\/#website"},"primaryImageOfPage":{"@id":"https:\/\/fashionandillustration.com\/it\/paola-castillo\/#primaryimage"},"image":{"@id":"https:\/\/fashionandillustration.com\/it\/paola-castillo\/#primaryimage"},"thumbnailUrl":"https:\/\/fashionandillustration.com\/wp-content\/uploads\/2014\/06\/Photo-Paola-Castillo1.jpg","datePublished":"2014-06-18T05:38:14+00:00","dateModified":"2025-10-11T00:19:52+00:00","breadcrumb":{"@id":"https:\/\/fashionandillustration.com\/it\/paola-castillo\/#breadcrumb"},"inLanguage":"it-IT","potentialAction":[{"@type":"ReadAction","target":["https:\/\/fashionandillustration.com\/it\/paola-castillo\/"]}]},{"@type":"ImageObject","inLanguage":"it-IT","@id":"https:\/\/fashionandillustration.com\/it\/paola-castillo\/#primaryimage","url":"https:\/\/fashionandillustration.com\/wp-content\/uploads\/2014\/06\/Photo-Paola-Castillo1.jpg","contentUrl":"https:\/\/fashionandillustration.com\/wp-content\/uploads\/2014\/06\/Photo-Paola-Castillo1.jpg","width":800,"height":1287},{"@type":"BreadcrumbList","@id":"https:\/\/fashionandillustration.com\/it\/paola-castillo\/#breadcrumb","itemListElement":[{"@type":"ListItem","position":1,"name":"Home","item":"https:\/\/fashionandillustration.com\/it\/"},{"@type":"ListItem","position":2,"name":"Paola Castillo"}]},{"@type":"WebSite","@id":"https:\/\/fashionandillustration.com\/en\/#website","url":"https:\/\/fashionandillustration.com\/en\/","name":"","description":"","potentialAction":[{"@type":"SearchAction","target":{"@type":"EntryPoint","urlTemplate":"https:\/\/fashionandillustration.com\/en\/?s={search_term_string}"},"query-input":{"@type":"PropertyValueSpecification","valueRequired":true,"valueName":"search_term_string"}}],"inLanguage":"it-IT"}]}},"_links":{"self":[{"href":"https:\/\/fashionandillustration.com\/it\/wp-json\/wp\/v2\/pages\/33","targetHints":{"allow":["GET"]}}],"collection":[{"href":"https:\/\/fashionandillustration.com\/it\/wp-json\/wp\/v2\/pages"}],"about":[{"href":"https:\/\/fashionandillustration.com\/it\/wp-json\/wp\/v2\/types\/page"}],"author":[{"embeddable":true,"href":"https:\/\/fashionandillustration.com\/it\/wp-json\/wp\/v2\/users\/1"}],"replies":[{"embeddable":true,"href":"https:\/\/fashionandillustration.com\/it\/wp-json\/wp\/v2\/comments?post=33"}],"version-history":[{"count":1,"href":"https:\/\/fashionandillustration.com\/it\/wp-json\/wp\/v2\/pages\/33\/revisions"}],"predecessor-version":[{"id":56278,"href":"https:\/\/fashionandillustration.com\/it\/wp-json\/wp\/v2\/pages\/33\/revisions\/56278"}],"wp:featuredmedia":[{"embeddable":true,"href":"https:\/\/fashionandillustration.com\/it\/wp-json\/wp\/v2\/media\/33798"}],"wp:attachment":[{"href":"https:\/\/fashionandillustration.com\/it\/wp-json\/wp\/v2\/media?parent=33"}],"curies":[{"name":"wp","href":"https:\/\/api.w.org\/{rel}","templated":true}]}}