{"id":44274,"date":"2018-11-26T22:04:07","date_gmt":"2018-11-27T03:04:07","guid":{"rendered":"https:\/\/fashionandillustration.com\/?page_id=44274"},"modified":"2020-12-09T12:19:57","modified_gmt":"2020-12-09T11:19:57","slug":"termini-e-condizioni","status":"publish","type":"page","link":"https:\/\/fashionandillustration.com\/it\/termini-e-condizioni\/","title":{"rendered":"Termini e Condizioni"},"content":{"rendered":"<p class=\"p-especial\" style=\"text-align: center;\">Benvenuto a FASHION &amp; ILLUSTRATION<\/p>\n<p>Questi termini e condizioni delineano le regole e le norme per l\u2019utilizzo del sito https:\/\/fashionandillustration.com\/it\/ (\u201cIl sito\u201d), di propriet\u00e0 di Paola Castillo.<\/p>\n<p>Accedendo a questo sito Web, presupponiamo che tu accetti questi termini e condizioni per intero.<\/p>\n<p>Non continuare ad utilizzare il sito web FASHION &amp; ILLUSTRATION se non si accettano tutti i termini e le condizioni indicati in questa pagina.<\/p>\n<p>La seguente terminologia si applica ai presenti Termini e condizioni, Informativa sulla privacy e Avviso di non responsabilit\u00e0 e qualsiasi o tutti gli Accordi: \u201cCliente\u201d, \u201cTu\u201d e \u201cTuo\u201d si riferiscono a te, la persona che accede a questo sito web<br \/>\ne accettare i termini e le condizioni di Fashion &amp; Illustration. \u201cLa Compagnia\u201d, \u201cNoi Stessi\u201d, \u201cNoi\u201d, \u201cNostro\u201d e \u201cNoi\u201d, si riferisce alla nostra compagnia. \u201cParte\u201d, \u201cParti\u201d o \u201cNoi\u201d, si riferisce sia al Cliente che a noi stessi o al Cliente o noi stessi.<\/p>\n<p>Tutti i termini si riferiscono all\u2019offerta, accettazione e considerazione del pagamento necessario per intraprendere il processo della nostra assistenza al Cliente nel modo pi\u00f9 appropriato, con il preciso scopo di soddisfare le esigenze del Cliente in relazione di fornitura dei servizi \/ prodotti dichiarati da Fashion &amp; Illustration, in conformit\u00e0 e in conformit\u00e0 con la legge vigente di Italia. Qualsiasi uso della terminologia di cui sopra o altre parole al singolare, al plurale, capitalizzazione e \/ o lui \/ lei o loro, sono considerati come intercambiabili e quindi come riferiti agli stessi.<\/p>\n<p><strong>1. Modifiche ai Nostri Termini e Condizioni<br \/>\n<\/strong><\/p>\n<p>Fashion &amp; Illustration si riserva il diritto di modificare questi termini e condizioni in qualsiasi momento. Continuando a connettersi al sito, l\u2019utente accetta di essere vincolato e rispettare questi termini e condizioni.<\/p>\n<p><strong>2. Servizi e Informazione<br \/>\n<\/strong><\/p>\n<p>\u00c8 possibile accedere e utilizzare questo sito se si \u00e8 maggiorenni, in conformit\u00e0 con le leggi vigenti. Se non sei maggiorenne o non hai le autorizzazioni legali e la capacit\u00e0 necessarie per accedere e utilizzare questo sito, o non sei d&#8217;accordo con questi termini e condizioni, ti preghiamo di astenervi dall&#8217;utilizzarlo, abbandonarlo e non accedere alle sue funzionalit\u00e0.<\/p>\n<p>Lo scopo del servizio \u00e8 fornire all&#8217;Utente tutti i tipi di informazioni relative al fashion design, all&#8217;illustrazione di moda, alle tendenze della moda e al marketing digitale che include, tutorial, video, foto, file scaricabili, note, dati statistici, relazioni, articoli e pubblicazioni di interesse. In nessun caso e per nessun motivo, le informazioni contenute in https:\/\/fashionandillustration.com\/it\/ devono essere considerate definitive, complete o comunque in grado di soddisfare tutte le esigenze dell&#8217;Utente.<\/p>\n<p><strong>3. Utilizzo del Sito e Limitazione di Responsabilit\u00e0<br \/>\n<\/strong><\/p>\n<p>Nonostante ci sforziamo di assicurare che le informazioni su questo sito siano corrette, non garantiamo la sua completezza o accuratezza n\u00e9 ci impegniamo a garantire che il sito web rimanga disponibile o che il materiale sul sito web sia aggiornato.<\/p>\n<p>Nulla di quanto contenuto nei presenti Termini di servizio conferisce benefici o diritti di propriet\u00e0 intellettuale o qualsiasi altro diritto di terze parti.<\/p>\n<p>Fashion &amp; Illustration non pu\u00f2 ritenersi responsabile per danni di qualsiasi tipo derivanti dall\u2019utilizzo del sito o dall\u2019impossibilit\u00e0 di accedere al sito (ad esempio per perdita di dati o interruzione di attivit\u00e0).<\/p>\n<p><strong>4. Collegamenti ad Altri Siti Web<br \/>\n<\/strong><\/p>\n<p>Il Sito potrebbe contenere collegamenti ad altri siti Web che dispongono di una propria informativa sulla privacy. Noi non siamo responsabili per nessuno di questi altri siti web, compresi i loro contenuti, le politiche sulla privacy o qualsiasi altra cosa.<\/p>\n<p><strong>5.<\/strong> <strong>Dichiarazione di Esclusione della Responsabilit\u00e0<\/strong><\/p>\n<p>Nella misura massima consentita dalla legge applicabile, escludiamo tutte le dichiarazioni, garanzie e condizioni relative al nostro sito Web e l\u2019uso di questo sito (comprese, senza limitazione, eventuali garanzie implicite di legge in materia di qualit\u00e0 soddisfacente, idoneit\u00e0 allo scopo e\/o l\u2019uso di ragionevole cura e abilit\u00e0). Nessuna disposizione di questa clausola di esclusione della responsabilit\u00e0:<\/p>\n<p>limiter\u00e0 o escluder\u00e0 la nostra o la vostra responsabilit\u00e0 per morte o lesioni personali derivanti da negligenza;<br \/>\nlimiter\u00e0 o escluder\u00e0 la nostra o la vostra responsabilit\u00e0 per frode o falsa dichiarazione fraudolenta;<br \/>\nlimiter\u00e0 la nostra o la vostra responsabilit\u00e0 in qualsiasi modo non consentito dalla legge applicabile; o<br \/>\nescluder\u00e0 qualsiasi nostra o vostra responsabilit\u00e0 che non possa essere esclusa ai sensi della legge applicabile.<\/p>\n<p>Le limitazioni ed esclusioni di responsabilit\u00e0 stabilite in questa sezione e altrove in questa dichiarazione di esclusione della responsabilit\u00e0: (a) sono soggetti al paragrafo precedente; e (b) disciplinano tutte le responsabilit\u00e0 derivanti dalla clausola di esclusione della responsabilit\u00e0 o in relazione all\u2019oggetto della presente clausola, incluse le responsabilit\u00e0 derivanti dal contratto, da illecito civile (inclusa la negligenza) e per violazione di obblighi di legge.<\/p>\n<p>Nella misura in cui il sito web e le informazioni e i servizi sul sito web sono forniti gratuitamente, non saremo responsabili per eventuali perdite o danni di qualsiasi natura.<\/p>\n<p><strong>6. Commenti degli Utenti<\/strong><\/p>\n<p>Fashion &amp; Illustration si riserva il diritto di monitorare tutti i commenti degli Utenti e di rimuovere, censurare, modificare e\/o eliminare qualsiasi commento che ritenga a sua assoluta discrezione essere inappropriato, offensivo o in altro modo in violazione dei presenti Termini e Condizioni.<br \/>\nCon la presente tu concedi a Fashion &amp; Illustration una licenza royalty-free non esclusiva per utilizzare, riprodurre, modificare e autorizzare altri a utilizzare, riprodurre e modificare qualsiasi dei tuoi Commenti in qualsiasi forma, formato o media.<\/p>\n<p><strong>7. Cookie<\/strong><\/p>\n<p>Impieghiamo l\u2019uso dei cookie. Utilizzando il sito Web di Fashion &amp; Illustration, acconsenti all\u2019utilizzo dei cookie in conformit\u00e0 con la politica sulla riservatezza dei dati di Fashion &amp; Illustration, accessibile da https:\/\/fashionandillustration.com\/it\/<\/p>\n<p>La maggior parte degli attuali siti web interattivi utilizza i cookie per permetterci di recuperare i dettagli dell\u2019utente per ogni visita. I cookie sono utilizzati in alcune aree del nostro sito per attivare la funzionalit\u00e0 di questa area e la facilit\u00e0 d\u2019uso per le persone che visitano il sito. Alcuni dei nostri partner di affiliazione\/pubblicitari possono anche utilizzare i cookie.<\/p>\n<p><strong>8. Licenza<br \/>\n<\/strong><\/p>\n<p>Salvo diversa indicazione, Fashion &amp; Illustration detiene i diritti di propriet\u00e0 intellettuale per tutto il materiale su Fashion &amp; Illustration. Tutti i diritti di propriet\u00e0 intellettuale sono riservati. \u00c8 possibile visualizzare e\/o stampare le pagine da https:\/\/fashionandillustration.com\/it\/ per il proprio uso personale soggetto a restrizioni impostate in questi termini e condizioni.<\/p>\n<p>Non si deve:<\/p>\n<p>&#8211; Ripubblicare materiale da https:\/\/fashionandillustration.com\/it\/<br \/>\n&#8211; Vendere, affittare o sotto-licenziare materiale da https:\/\/fashionandillustration.com\/it\/<br \/>\n&#8211; Riprodurre, duplicare o copiare materiale da https:\/\/fashionandillustration.com\/it\/<br \/>\n&#8211; Ridistribuire i contenuti da Fashion &amp; Illustration (a meno che il contenuto non sia specificamente creato per la ridistribuzione).<\/p>\n<p><strong>9. Iframes<br \/>\n<\/strong><\/p>\n<p>Senza previa approvazione ed espressa autorizzazione scritta, non \u00e8 possibile creare frame intorno alle nostre pagine Web o utilizzare altre tecniche che modificheranno in alcun modo la presentazione visiva o l\u2019aspetto del nostro sito Web.<\/p>\n<p><strong>10. Riserva di Diritti<br \/>\n<\/strong><\/p>\n<p>Ci riserviamo il diritto, in qualsiasi momento e a nostra esclusiva discrezione, di richiedere la rimozione di tutti i collegamenti o di qualsiasi collegamento particolare al nostro sito Web. L\u2019utente accetta di rimuovere immediatamente tutti i collegamenti al nostro sito Web su tale richiesta. Ci riserviamo inoltre il diritto di modificare i presenti termini e condizioni e la relativa politica di collegamento in qualsiasi momento. Continuando a effettuare collegamenti al nostro sito Web, l\u2019utente accetta di essere vincolato e di rispettare i presenti termini e condizioni di collegamento.<\/p>\n<p><strong>11. Rimozione di Collegamenti dal Nostro Sito Web<br \/>\n<\/strong><\/p>\n<p>Se trovate un collegamento sul nostro sito Web o qualsiasi sito web collegato sgradevole per qualsiasi motivo, potete contattarci a questo proposito. Prenderemo in considerazione le richieste di rimuovere i collegamenti, ma non avremo alcun obbligo di farlo o di rispondere direttamente a voi.<\/p>\n<p><strong>12. I Prodotti<br \/>\n<\/strong><\/p>\n<p>Fashion &amp; Illustration fornisce contenuti scaricabili in formato digitale e articoli di abbigliamento e accessori, presenti nello Shop.<\/p>\n<p>Gli acquisti sul sito sono consentiti solo a persone maggiorenni. L\u2019utilizzo del sito da parte dell\u2019utente sar\u00e0 inteso come dichiarazione attestante la maggiore et\u00e0 dell\u2019utente. L\u2019utente garantisce la veridicit\u00e0 e la completezza dei dati forniti per l\u2019accesso e l\u2019utilizzo del sito.<\/p>\n<p><strong>13. Prezzi e disponibilit\u00e0<br \/>\n<\/strong><\/p>\n<p>Essendo oggetti esclusivi, non garantiamo la sostituzione dei diversi prodotti. I prezzi non includono l&#8217;IVA, se non diversamente indicato. Tutti i prezzi sono soggetti a modifiche senza preavviso da parte di Fashion &amp; Illustration.<\/p>\n<p>I prezzi indicati nello Shop online possono essere soggetti a modifiche senza preavviso. \u00c8 responsabilit\u00e0 dell&#8217;Utente, quindi, assicurarsi del prezzo finale prima di continuare con l&#8217;ordine di acquisto.<\/p>\n<p>Fashion &amp; Illustration si riserva inoltre il diritto di applicare diversi prezzi di vendita in base al Paese di consegna del Prodotto.<\/p>\n<p>Il prezzo di vendita viene addebitato al momento della spedizione dell&#8217;ordine.<\/p>\n<p><strong>14.\u00a0Pagamenti<\/strong><\/p>\n<p>Quando effettui un acquisto su https:\/\/fashionandillustration.com\/it\/shop-2\/ tutti i dati di carta di debito, di credito o prepagata che fornisci come parte dei tuoi dati di pagamento vengono raccolti ed elaborati direttamente da PayPal attraverso il loro servizio.<\/p>\n<p>PayPal, \u00e8 l&#8217;entit\u00e0 responsabile della convalida dei dati dell&#8217;Utente e della conferma di pagamento.<\/p>\n<p>Si invita l&#8217;Utente a tenere presente i rischi e condizioni principali relative all&#8217;utilizzo dei Servizi PayPal.<\/p>\n<p>Il pagamento deve essere effettuato prima della presentazione del tuo ordine. Possiamo trattenere i prodotti e\/o annullare il contratto tra di noi se il se il valore dell&#8217;acquisto non viene ricevuto.<\/p>\n<p><strong>15. Metodi di pagamento<br \/>\n<\/strong><\/p>\n<p>Il pagamento per i Prodotti pu\u00f2 essere effettuato esclusivamente con i seguenti metodi:<\/p>\n<p>&#8211; PayPal<\/p>\n<p>Gli acquisti sul Sito possono essere effettuati con pagamento tramite piattaforma PayPal. Gli utenti che non hanno un account PayPal potranno utilizzare la propria carta di credito sulla piattaforma PayPal. I dati della carta di credito e del conto PayPal sono gestiti in modalit\u00e0 protetta e sicura su server criptato di PayPal. Nessun dato relativo alla carta di credito o al conto PayPal viene registrato dal sito Fashion &amp; Illustration.<\/p>\n<p><strong>16. Politica di consegna<br \/>\n<\/strong><\/p>\n<p>Alla ricezione dell&#8217;ordine e della conferma del pagamento, Fashion &amp; Illustration si impegna a inviare l&#8217;ordine entro un periodo massimo di 48 ore.<br \/>\nI file digitali vengono inviati come collegamento via e-mail al titolare dell&#8217;account registrato o possono essere scaricati in qualsiasi momento tramite il proprio account nella pagina Transazioni.<\/p>\n<p><strong>17. Rimborso di prodotti scaricabili<br \/>\n<\/strong><\/p>\n<p>I prodotti digitali possono essere scaricati e non possono essere restituiti come un prodotto fisico, per questo motivo non ci sar\u00e0 posto per esercitare il diritto alla ritrazione o alla restituzione di denaro. Si suggerisce agli Utenti che prima di effettuare il pagamento corrispondente a questo tipo di prodotti, qualsiasi dubbio o chiarimento sui Contenuti offerti, pu\u00f2 essere assolto tramite comunicazione inviata alla mail info@fashionandillustration.com<\/p>\n<p><strong>18. Resi e rimborsi di prodotti<br \/>\n<\/strong><\/p>\n<p>L&#8217;Utente, in quanto consumatore, ha il diritto di recedere dal contratto di vendita dei Prodotti, come stabilito dall&#8217;art. 52 del Decreto Legislativo n. 206\/2005 (Codice del consumo), senza dover fornire alcuna spiegazione e senza penalit\u00e0.<\/p>\n<p>Accettiamo la restituzione di qualsiasi prodotto (non digitale) entro 14 giorni dalla data di consegna.<\/p>\n<p>Per cancellare un contratto, devi inviarci una comunicazione scritta di cancellazione all&#8217;indirizzo email info@fashionandillustration.com<\/p>\n<p>Fashion &amp; Illustration rimborsera il prezzo totale dei prodotti all&#8217;Utente, con l&#8217;esclusione delle spese di consegna, senza indugio e non oltre 14 giorni lavorativi dalla data in cui Fashion &amp; Illustration riceve la merce presso la sua sede. Il rimborso verr\u00e0 effettuato utilizzando lo stesso metodo di pagamento utilizzato dall&#8217;Utente per la vendita per la quale \u00e8 stato esercitato il diritto di recesso.<\/p>\n<p>Il diritto di recesso \u00e8 comunque sottoposto alle seguenti condizioni:<\/p>\n<p>&#8211; Il bene acquistato dovr\u00e0 essere integro e restituito nella confezione originale, completa in tutte le sue parti (comprese imballo ed eventuale documentazione, ecc.); per limitare danneggiamenti alla confezione originale, raccomandiamo, quando possibile, di inserirla in una seconda scatola, sulla quale annotare l\u2019etichetta, va evitata in tutti i casi l\u2019apposizione di etichette o nastri adesivi direttamente sulla confezione originale del prodotto;<br \/>\n&#8211; La spedizione, fino all\u2019attestato di avvenuto ricevimento nel nostro magazzino, \u00e8 sotto la completa responsabilit\u00e0 del cliente;<br \/>\n&#8211; Fashion &amp; Illustration non risponde in nessun modo per danneggiamenti o furto\/smarrimento di beni restituiti con spedizioni non assicurate.<\/p>\n<p>Per restituire il Prodotto, l&#8217;Utente pu\u00f2 utilizzare un servizio postale o un corriere di sua scelta.<\/p>\n<p>Fashion &amp; Illustration avr\u00e0 il diritto di trattenere il rimborso fino alla ricezione del Prodotto o fino a quando l&#8217;Utente non fornir\u00e0 la prova che l&#8217;articolo \u00e8 stato restituito, a seconda della situazione che si verifica per primo.<\/p>\n<p>I costi diretti di restituzione del Prodotto saranno a carico dell&#8217;Utente che esercita il diritto di garanzia.<\/p>\n<p>Qualsiasi rischio di perdita o danneggiamento del Prodotto durante la spedizione a Fashion &amp; Illustration sar\u00e0 a carico dell&#8217;Utente.<\/p>\n<p>&nbsp;<\/p>\n<p>Grazie per l&#8217;interesse dimostrato per la nostra piattaforma web e il nostro Shop! Qualsiasi dubbio non esitare a scriverci a info@fashionandillustration.com<\/p>\n","protected":false},"excerpt":{"rendered":"<p>Benvenuto a FASHION &amp; ILLUSTRATION Questi termini e condizioni delineano le regole e le norme per l\u2019utilizzo del sito https:\/\/fashionandillustration.com\/it\/ (\u201cIl sito\u201d), di propriet\u00e0 di Paola Castillo. Accedendo a questo sito Web, presupponiamo che tu accetti questi termini e condizioni per intero. Non continuare ad utilizzare il sito web FASHION &amp; ILLUSTRATION se non si<a href=\"https:\/\/fashionandillustration.com\/it\/termini-e-condizioni\/\" class=\"more-link\">LEER M\u00c1S<\/a><\/p>\n","protected":false},"author":1,"featured_media":0,"parent":0,"menu_order":0,"comment_status":"closed","ping_status":"closed","template":"","meta":{"_monsterinsights_skip_tracking":false,"_monsterinsights_sitenote_active":false,"_monsterinsights_sitenote_note":"","_monsterinsights_sitenote_category":0,"footnotes":""},"class_list":["post-44274","page","type-page","status-publish","hentry"],"yoast_head":"<!-- This site is optimized with the Yoast SEO plugin v27.3 - https:\/\/yoast.com\/product\/yoast-seo-wordpress\/ -->\n<title>Termini e Condizioni -<\/title>\n<meta name=\"description\" content=\"Se entender\u00e1n conocidos y aceptados estos T\u00e9rminos y Condiciones por el solo hecho de acceso a y\/o uso del portal www.fashionandillustration.com\" \/>\n<meta name=\"robots\" content=\"index, follow, max-snippet:-1, max-image-preview:large, max-video-preview:-1\" \/>\n<link rel=\"canonical\" href=\"https:\/\/fashionandillustration.com\/it\/termini-e-condizioni\/\" \/>\n<meta property=\"og:locale\" content=\"it_IT\" \/>\n<meta property=\"og:type\" content=\"article\" \/>\n<meta property=\"og:title\" content=\"Termini e Condizioni -\" \/>\n<meta property=\"og:description\" content=\"Se entender\u00e1n conocidos y aceptados estos T\u00e9rminos y Condiciones por el solo hecho de acceso a y\/o uso del portal www.fashionandillustration.com\" \/>\n<meta property=\"og:url\" content=\"https:\/\/fashionandillustration.com\/it\/termini-e-condizioni\/\" \/>\n<meta property=\"article:publisher\" content=\"https:\/\/www.facebook.com\/fashionandiIlustration\/\" \/>\n<meta property=\"article:modified_time\" content=\"2020-12-09T11:19:57+00:00\" \/>\n<meta name=\"twitter:label1\" content=\"Tempo di lettura stimato\" \/>\n\t<meta name=\"twitter:data1\" content=\"10 minuti\" \/>\n<script type=\"application\/ld+json\" class=\"yoast-schema-graph\">{\"@context\":\"https:\\\/\\\/schema.org\",\"@graph\":[{\"@type\":\"WebPage\",\"@id\":\"https:\\\/\\\/fashionandillustration.com\\\/it\\\/termini-e-condizioni\\\/\",\"url\":\"https:\\\/\\\/fashionandillustration.com\\\/it\\\/termini-e-condizioni\\\/\",\"name\":\"Termini e Condizioni -\",\"isPartOf\":{\"@id\":\"https:\\\/\\\/fashionandillustration.com\\\/en\\\/#website\"},\"datePublished\":\"2018-11-27T03:04:07+00:00\",\"dateModified\":\"2020-12-09T11:19:57+00:00\",\"description\":\"Se entender\u00e1n conocidos y aceptados estos T\u00e9rminos y Condiciones por el solo hecho de acceso a y\\\/o uso del portal www.fashionandillustration.com\",\"breadcrumb\":{\"@id\":\"https:\\\/\\\/fashionandillustration.com\\\/it\\\/termini-e-condizioni\\\/#breadcrumb\"},\"inLanguage\":\"it-IT\",\"potentialAction\":[{\"@type\":\"ReadAction\",\"target\":[\"https:\\\/\\\/fashionandillustration.com\\\/it\\\/termini-e-condizioni\\\/\"]}]},{\"@type\":\"BreadcrumbList\",\"@id\":\"https:\\\/\\\/fashionandillustration.com\\\/it\\\/termini-e-condizioni\\\/#breadcrumb\",\"itemListElement\":[{\"@type\":\"ListItem\",\"position\":1,\"name\":\"Home\",\"item\":\"https:\\\/\\\/fashionandillustration.com\\\/it\\\/\"},{\"@type\":\"ListItem\",\"position\":2,\"name\":\"Termini e Condizioni\"}]},{\"@type\":\"WebSite\",\"@id\":\"https:\\\/\\\/fashionandillustration.com\\\/en\\\/#website\",\"url\":\"https:\\\/\\\/fashionandillustration.com\\\/en\\\/\",\"name\":\"\",\"description\":\"\",\"potentialAction\":[{\"@type\":\"SearchAction\",\"target\":{\"@type\":\"EntryPoint\",\"urlTemplate\":\"https:\\\/\\\/fashionandillustration.com\\\/en\\\/?s={search_term_string}\"},\"query-input\":{\"@type\":\"PropertyValueSpecification\",\"valueRequired\":true,\"valueName\":\"search_term_string\"}}],\"inLanguage\":\"it-IT\"}]}<\/script>\n<!-- \/ Yoast SEO plugin. -->","yoast_head_json":{"title":"Termini e Condizioni -","description":"Se entender\u00e1n conocidos y aceptados estos T\u00e9rminos y Condiciones por el solo hecho de acceso a y\/o uso del portal www.fashionandillustration.com","robots":{"index":"index","follow":"follow","max-snippet":"max-snippet:-1","max-image-preview":"max-image-preview:large","max-video-preview":"max-video-preview:-1"},"canonical":"https:\/\/fashionandillustration.com\/it\/termini-e-condizioni\/","og_locale":"it_IT","og_type":"article","og_title":"Termini e Condizioni -","og_description":"Se entender\u00e1n conocidos y aceptados estos T\u00e9rminos y Condiciones por el solo hecho de acceso a y\/o uso del portal www.fashionandillustration.com","og_url":"https:\/\/fashionandillustration.com\/it\/termini-e-condizioni\/","article_publisher":"https:\/\/www.facebook.com\/fashionandiIlustration\/","article_modified_time":"2020-12-09T11:19:57+00:00","twitter_misc":{"Tempo di lettura stimato":"10 minuti"},"schema":{"@context":"https:\/\/schema.org","@graph":[{"@type":"WebPage","@id":"https:\/\/fashionandillustration.com\/it\/termini-e-condizioni\/","url":"https:\/\/fashionandillustration.com\/it\/termini-e-condizioni\/","name":"Termini e Condizioni -","isPartOf":{"@id":"https:\/\/fashionandillustration.com\/en\/#website"},"datePublished":"2018-11-27T03:04:07+00:00","dateModified":"2020-12-09T11:19:57+00:00","description":"Se entender\u00e1n conocidos y aceptados estos T\u00e9rminos y Condiciones por el solo hecho de acceso a y\/o uso del portal www.fashionandillustration.com","breadcrumb":{"@id":"https:\/\/fashionandillustration.com\/it\/termini-e-condizioni\/#breadcrumb"},"inLanguage":"it-IT","potentialAction":[{"@type":"ReadAction","target":["https:\/\/fashionandillustration.com\/it\/termini-e-condizioni\/"]}]},{"@type":"BreadcrumbList","@id":"https:\/\/fashionandillustration.com\/it\/termini-e-condizioni\/#breadcrumb","itemListElement":[{"@type":"ListItem","position":1,"name":"Home","item":"https:\/\/fashionandillustration.com\/it\/"},{"@type":"ListItem","position":2,"name":"Termini e Condizioni"}]},{"@type":"WebSite","@id":"https:\/\/fashionandillustration.com\/en\/#website","url":"https:\/\/fashionandillustration.com\/en\/","name":"","description":"","potentialAction":[{"@type":"SearchAction","target":{"@type":"EntryPoint","urlTemplate":"https:\/\/fashionandillustration.com\/en\/?s={search_term_string}"},"query-input":{"@type":"PropertyValueSpecification","valueRequired":true,"valueName":"search_term_string"}}],"inLanguage":"it-IT"}]}},"_links":{"self":[{"href":"https:\/\/fashionandillustration.com\/it\/wp-json\/wp\/v2\/pages\/44274","targetHints":{"allow":["GET"]}}],"collection":[{"href":"https:\/\/fashionandillustration.com\/it\/wp-json\/wp\/v2\/pages"}],"about":[{"href":"https:\/\/fashionandillustration.com\/it\/wp-json\/wp\/v2\/types\/page"}],"author":[{"embeddable":true,"href":"https:\/\/fashionandillustration.com\/it\/wp-json\/wp\/v2\/users\/1"}],"replies":[{"embeddable":true,"href":"https:\/\/fashionandillustration.com\/it\/wp-json\/wp\/v2\/comments?post=44274"}],"version-history":[{"count":0,"href":"https:\/\/fashionandillustration.com\/it\/wp-json\/wp\/v2\/pages\/44274\/revisions"}],"wp:attachment":[{"href":"https:\/\/fashionandillustration.com\/it\/wp-json\/wp\/v2\/media?parent=44274"}],"curies":[{"name":"wp","href":"https:\/\/api.w.org\/{rel}","templated":true}]}}