{"id":55207,"date":"2023-08-31T04:24:23","date_gmt":"2023-08-31T02:24:23","guid":{"rendered":"https:\/\/fashionandillustration.com\/producto\/modelo-de-ficha-tecnica-para-ropa\/"},"modified":"2024-10-22T19:24:40","modified_gmt":"2024-10-22T17:24:40","slug":"modello-di-scheda-tecnica-di-moda","status":"publish","type":"product","link":"https:\/\/fashionandillustration.com\/it\/tienda\/modello-di-scheda-tecnica-di-moda\/","title":{"rendered":"MODELLO DI SCHEDA TECNICA DI MODA (modificabile e stampabile)"},"content":{"rendered":"<p>&nbsp;<\/p>\n<h2 style=\"text-align: center;\"><span style=\"font-size: 18.0pt;\"><span style=\"color: #cc2e8d;\">PRODOTTO DIGITALE<\/span><\/span><span style=\"font-size: 18.0pt;\"><span style=\"color: #cc2e8d;\">: <\/span><\/span><span style=\"font-size: 18.0pt;\"><strong>TEMPLATE DI SCHEDA TECNICA PER ABBIGLIAMENTO<\/strong><\/span><\/h2>\n<h2 style=\"text-align: center;\"><span style=\"font-size: 18.0pt;\"><strong>(2 fogli di specifiche tecniche formato A4 in italiano).\u00a0<\/strong><\/span><\/h2>\n<p>&nbsp;<\/p>\n<p>La <span style=\"color: #ff00ff;\"><a style=\"color: #ff00ff;\" href=\"https:\/\/fashionandillustration.com\/it\/basi-per-la-progettazione-di-una-collezione-di-moda\/\">creazione di una collezione di moda<\/a><\/span> richiede la realizzazione di una scheda tecnica di moda, in quanto \u00e8 il documento che contiene tutte le specifiche necessarie per la realizzazione dei capi.<\/p>\n<p>&nbsp;<\/p>\n<h3><span style=\"font-size: 14.0pt;\">CARATTERISTICHE DEL PRODOTTO<\/span><\/h3>\n<p>All&#8217;interno di un file compresso Zip (12,6 MB) troverai un template di scheda tecnica di moda suddiviso in due pagine.<\/p>\n<p>Facilmente personalizzabile per adattarsi a diversi stili di abbigliamento. Con le specifiche dell&#8217;indumento, puoi comunicare facilmente le tue idee, indicare la vestibilit\u00e0 e fornire tutte le indicazioni ai modellisti e alle fabbriche. Invii semplicemente il file contenente la scheda tecnica come allegato via e-mail.<\/p>\n<p>&nbsp;<\/p>\n<h3><span style=\"font-size: 14.0pt;\">DETTAGLI DEL PRODOTTO<\/span><\/h3>\n<p>Il file \u00e8 disponibile nelle seguenti versioni.<\/p>\n<ul>\n<li><strong>Adobe Illustrator<\/strong> (versione 2020 e CS3) dove potrai modificare al computer tutte le informazioni secondo le tue esigenze.<\/li>\n<li><strong>CorelDraw<\/strong> (versione 2020), che puoi altrettanto modificare a tuo piacimento e necessit\u00e0 utilizzando il tuo computer.<\/li>\n<li><strong>PDF completamente modificabile<\/strong> sul tuo dispositivo. Nel caso in cui non sapessi come utilizzare i programmi di design citati o non li avessi installati.<\/li>\n<li><strong>JPG da stampare<\/strong>. Nel caso tu voglia creare le tue schede tecniche a mano.<\/li>\n<li>Inoltre, riceverai <strong>2 immagini extra in JPG<\/strong>, con l&#8217;esempio dettagliato della scheda tecnica per abbigliamento gi\u00e0 compilata. In modo da poter avere un riferimento nel caso in cui non abbia esperienza nella creazione di schede tecniche.<\/li>\n<\/ul>\n<p>Tieni presente che questi sono FILE DIGITALI, non verranno spediti articoli fisici via posta.<\/p>\n<p>&nbsp;<\/p>\n<h3><span style=\"font-size: 14.0pt;\">VANTAGGI OFFERTI DAL TEMPLATE DI SCHEDA TECNICA DI MODA<\/span><\/h3>\n<p>1. <strong>Personalizzazione Flessibile<\/strong>: La mancanza di esperienza nel compilare schede tecniche per abbigliamento non \u00e8 un problema, poich\u00e9 il modello \u00e8 molto facile da utilizzare e modificare secondo i tuoi gusti e le tue esigenze. Nei file AI, CDR o PDF, puoi regolare ogni casella e modificare il nome dei campi.<br \/>\n2. <strong>Risparmio di Tempo<\/strong>: Ci vogliono almeno 4-6 ore per ricercare i dati necessari per la creazione di questo tipo di documento, organizzarli accuratamente e creare un layout adeguato. Invece, con un solo clic, il problema \u00e8 risolto. Inoltre, \u00e8 incluso nel download un esempio gi\u00e0 compilato che funge da guida, rendendo lo sviluppo della scheda tecnica di moda ancora pi\u00f9 facile e veloce. D&#8217;altra parte, avere un singolo documento che sintetizza tutte le informazioni di un capo ti permetter\u00e0 anche di risparmiare tempo nel follow-up e nella produzione del prodotto.<br \/>\n3. <strong>Stile Professionale<\/strong>: Contiene istruzioni chiare, una struttura coerente e un design accattivante, il che consente di lavorare con precisione, in modo intelligente e, soprattutto, fa s\u00ec che tutte le persone coinvolte nello sviluppo di un prodotto possano comprendere chiaramente le tue idee.<br \/>\n4. <strong>Automatizzazione del Lavoro<\/strong>: Con la scheda tecnica delle specifiche in formato digitale, puoi comunicare facilmente le tue idee di design, apportare commenti agli indumenti, richiedere preventivi da officine satelliti o fabbriche all&#8217;estero; tutto ci\u00f2 che devi fare \u00e8 inviare un&#8217;e-mail con il file allegato dei tuoi modelli di scheda tecnica di moda.<\/p>\n<p>&nbsp;<\/p>\n<h3><span style=\"font-size: 14.0pt;\">REQUISITI PER L&#8217;USO\u00a0<\/span><\/h3>\n<ul>\n<li>Per compilare la scheda tecnica per abbigliamento direttamente dai programmi Adobe Illustrator, CorelDraw o Adobe Acrobat DC \u00e8 necessario disporre di un dispositivo (desktop, laptop o tablet). \u00c8 inoltre richiede l&#8217;installazione e una conoscenza tecnica di base di qualcuno dei software appena citati.<\/li>\n<li>\u00a0Se quello che vuoi \u00e8 compilare a mano la scheda tecnica dell&#8217;abbigliamento ti servir\u00e0 una stampante. Altrimenti puoi usare i negozi di copia e stampa per stampare il documento in JPG.<\/li>\n<\/ul>\n<p>&nbsp;<\/p>\n<h3><span style=\"font-size: 14.0pt;\">COSA DEVI FARE PER RICEVERE IL <strong>TEMPLATE DI SCHEDA TECNICA DI MODA<\/strong><\/span><\/h3>\n<p>Assicurati soltanto mettere correttamente il tuo indirizzo e-mail per ricevere il file di download.<\/p>\n<p>Nel momento in cui il tuo ordine arriva nel nostro server e si verifica il tuo pagamento, in modo automatico si fa la consegna del prodotto.<strong> Riceverai un&#8217;email<\/strong> con il riepilogo dell\u2019ordine e i link per accedere ai download del MODELLO DI SCHEDA TECNICA DI MODA, in modo da poter iniziare subito a produrre la tua collezione.<\/p>\n<p>\ud83d\udc49 Se non riesci a trovare la email nella tua casella di posta elettronica,<strong> controlla la cartella spam<\/strong>.<\/p>\n<p>&nbsp;<\/p>\n<p style=\"text-align: center;\"><a class=\"single_add_to_cart_button button dib alt product_type_simple add_to_cart_button ajax_add_to_cart\" href=\"https:\/\/fashionandillustration.com\/it\/completa-transazione\/?add-to-cart=55207\" target=\"_blank\" rel=\"noopener noreferrer\" data-quantity=\"1\">\u00a0Aggiungi al carrello<\/a><\/p>\n<p>&nbsp;<\/p>\n<h3><span style=\"font-size: 14.0pt;\">COSA NON PU\u00d2I FARE CON QUESTO PRODOTTO?<\/span><\/h3>\n<p>Ti consiglio di leggere i <span style=\"color: #ff00ff;\"><a style=\"color: #ff00ff;\" href=\"https:\/\/fashionandillustration.com\/it\/termini-e-condizioni\/\">Termini e Condizioni<\/a><\/span> di Fashion &amp; Illustration.<\/p>\n<p>LICENZA DI BASE (Uso privato non commerciale)<\/p>\n<ol>\n<li>Questo file scaricabile non pu\u00f2 essere utilizzato in relazione a qualsiasi forma di attivit\u00e0 commerciale, ma solo per scopi privati o educativi senza scopo di lucro.<\/li>\n<li>La licenza \u00e8 autorizzata solo per uso privato, il che vieta in ogni modo qualsiasi forma di attivit\u00e0 commerciale o a scopo di lucro.<\/li>\n<li>Ogni uso commerciale, comprese le attivit\u00e0 a scopo di lucro o qualsiasi forma di pagamento o scambio, nonch\u00e9 la promozione di un prodotto o servizio, \u00e8 considerato commerciale.<\/li>\n<li>In caso di sospetta violazione dei termini della licenza, emetteremo una dichiarazione dei fatti che potrebbe comportare azioni legali correlate o meno.<\/li>\n<li>\u00c8 vietata la pubblicazione dei file su qualsiasi piattaforma di social media, l&#8217;uso per scopi pubblicitari o promozionali, progettazione di siti web, applicazioni o giochi.<\/li>\n<\/ol>\n<p>Il copyright dei prodotti \u00e8 riservato a Fashion &amp; Illustration e potresti essere soggetto a procedimenti legali per copiare, modificare e\/o distribuire il prodotto senza il previo consenso di Paola Castillo, fondatrice di fashionandillustration.com<\/p>\n<p>&nbsp;<\/p>\n<h4>RICORDA<\/h4>\n<p>PER I PRODOTTI DIGITALI: Il Cliente, acquistando su fashionandillustration.com prodotti digitali, rinuncia al diritto di recesso, come quanto \u00e8 previsto dall\u2019art. 59, lettera o) del Codice del Consumo (d.lgs. N.206\/2005).<\/p>\n<p>&nbsp;<\/p>\n<p>Spero che ti piaccia e sfrutti appieno questo utile strumento di design e, se hai voglia, non dimenticare di dirmi cosa ne pensi! Ti chiediamo di utilizzare un minuto\u00a0del tuo tempo per\u00a0<em>scrivere una recensione<\/em>\u00a0a riguardo.<\/p>\n<p>&nbsp;<\/p>\n<p>Per qualsiasi richiesta di informazioni o chiarimenti puoi inviare una mail all&#8217;indirizzo email info@fashionandillustration.com<\/p>\n<p>&nbsp;<\/p>\n<p>Buona giornata e grazie per il tuo acquisto.<\/p>\n<p>A presto!<\/p>\n<p>&nbsp;<\/p>\n","protected":false},"excerpt":{"rendered":"<p>&nbsp; PRODOTTO DIGITALE: TEMPLATE DI SCHEDA TECNICA PER ABBIGLIAMENTO (2 fogli di specifiche tecniche formato A4 in italiano).\u00a0 &nbsp; La creazione di una collezione di moda richiede la realizzazione di una scheda tecnica di moda, in quanto \u00e8 il documento che contiene tutte le specifiche necessarie per la realizzazione dei capi. &nbsp; CARATTERISTICHE DEL PRODOTTO<a href=\"https:\/\/fashionandillustration.com\/it\/tienda\/modello-di-scheda-tecnica-di-moda\/\" class=\"more-link\">LEER M\u00c1S<\/a><\/p>\n","protected":false},"featured_media":55208,"comment_status":"open","ping_status":"closed","template":"","meta":{"_monsterinsights_skip_tracking":false,"_monsterinsights_sitenote_active":false,"_monsterinsights_sitenote_note":"","_monsterinsights_sitenote_category":0},"product_brand":[],"product_cat":[2324],"product_tag":[3105,3275,3085,3274,3282,3281,3284,3276,3120,3123,3513,3512,3277,3278,3279,3280,3283,3285],"class_list":{"0":"post-55207","1":"product","2":"type-product","3":"status-publish","4":"has-post-thumbnail","6":"product_cat-modelli","7":"product_tag-collezione-di-moda-it","8":"product_tag-ejemplo-de-ficha-tecnica-it","9":"product_tag-fashion-design-it","10":"product_tag-archivo-de-ficha-tecnica-it","11":"product_tag-hoja-de-especificaciones-moda-it","12":"product_tag-formato-ficha-tecnica-it","13":"product_tag-plantilla-ficha-tecnica-it","14":"product_tag-fabricacion-de-prendas-it","15":"product_tag-scheda-tecnica","16":"product_tag-scheda-tecnica-a","17":"product_tag-scheda-tecnica-abbigliamento-it","18":"product_tag-scheda-tecnica-di-moda-it","19":"product_tag-ficha-tecnica-en-ai-it","20":"product_tag-ficha-tecnica-en-corel-draw-it","21":"product_tag-ficha-tecnica-en-jpg-it","22":"product_tag-ficha-tecnica-en-pdf-it","23":"product_tag-modelo-ficha-tecnica-it","24":"product_tag-plantillas-moda-it","25":"product-column","27":"first","28":"instock","29":"downloadable","30":"virtual","31":"purchasable","32":"product-type-simple"},"yoast_head":"<!-- This site is optimized with the Yoast SEO plugin v27.3 - https:\/\/yoast.com\/product\/yoast-seo-wordpress\/ -->\n<title>\u2705 MODELLO DI SCHEDA TECNICA DI MODA (modificabile)<\/title>\n<meta name=\"description\" content=\"Il template di scheda tecnica de moda offre personalizzazione flessibile, risparmio di tempo, stile professionale e l&#039;automatizzazione del lavoro.\" \/>\n<meta name=\"robots\" content=\"index, follow, max-snippet:-1, max-image-preview:large, max-video-preview:-1\" \/>\n<link rel=\"canonical\" href=\"https:\/\/fashionandillustration.com\/it\/tienda\/modello-di-scheda-tecnica-di-moda\/\" \/>\n<meta property=\"og:locale\" content=\"it_IT\" \/>\n<meta property=\"og:type\" content=\"article\" \/>\n<meta property=\"og:title\" content=\"\u2705 MODELLO DI SCHEDA TECNICA DI MODA (modificabile)\" \/>\n<meta property=\"og:description\" content=\"Il template di scheda tecnica de moda offre personalizzazione flessibile, risparmio di tempo, stile professionale e l&#039;automatizzazione del lavoro.\" \/>\n<meta property=\"og:url\" content=\"https:\/\/fashionandillustration.com\/it\/tienda\/modello-di-scheda-tecnica-di-moda\/\" \/>\n<meta property=\"article:publisher\" content=\"https:\/\/www.facebook.com\/fashionandiIlustration\/\" \/>\n<meta property=\"article:modified_time\" content=\"2024-10-22T17:24:40+00:00\" \/>\n<meta property=\"og:image\" content=\"https:\/\/fashionandillustration.com\/wp-content\/uploads\/2020\/08\/TEMPLATE-SCHEDA-TECNICA-abbigliamento-Page-1-By-Paola-Castillo.jpg\" \/>\n\t<meta property=\"og:image:width\" content=\"1000\" \/>\n\t<meta property=\"og:image:height\" content=\"1000\" \/>\n\t<meta property=\"og:image:type\" content=\"image\/jpeg\" \/>\n<meta name=\"twitter:label1\" content=\"Tempo di lettura stimato\" \/>\n\t<meta name=\"twitter:data1\" content=\"6 minuti\" \/>\n<script type=\"application\/ld+json\" class=\"yoast-schema-graph\">{\"@context\":\"https:\\\/\\\/schema.org\",\"@graph\":[{\"@type\":\"WebPage\",\"@id\":\"https:\\\/\\\/fashionandillustration.com\\\/it\\\/tienda\\\/modello-di-scheda-tecnica-di-moda\\\/\",\"url\":\"https:\\\/\\\/fashionandillustration.com\\\/it\\\/tienda\\\/modello-di-scheda-tecnica-di-moda\\\/\",\"name\":\"\u2705 MODELLO DI SCHEDA TECNICA DI MODA (modificabile)\",\"isPartOf\":{\"@id\":\"https:\\\/\\\/fashionandillustration.com\\\/en\\\/#website\"},\"primaryImageOfPage\":{\"@id\":\"https:\\\/\\\/fashionandillustration.com\\\/it\\\/tienda\\\/modello-di-scheda-tecnica-di-moda\\\/#primaryimage\"},\"image\":{\"@id\":\"https:\\\/\\\/fashionandillustration.com\\\/it\\\/tienda\\\/modello-di-scheda-tecnica-di-moda\\\/#primaryimage\"},\"thumbnailUrl\":\"https:\\\/\\\/fashionandillustration.com\\\/wp-content\\\/uploads\\\/2020\\\/08\\\/TEMPLATE-SCHEDA-TECNICA-abbigliamento-Page-1-By-Paola-Castillo.jpg\",\"datePublished\":\"2023-08-31T02:24:23+00:00\",\"dateModified\":\"2024-10-22T17:24:40+00:00\",\"description\":\"Il template di scheda tecnica de moda offre personalizzazione flessibile, risparmio di tempo, stile professionale e l'automatizzazione del lavoro.\",\"breadcrumb\":{\"@id\":\"https:\\\/\\\/fashionandillustration.com\\\/it\\\/tienda\\\/modello-di-scheda-tecnica-di-moda\\\/#breadcrumb\"},\"inLanguage\":\"it-IT\",\"potentialAction\":[{\"@type\":\"ReadAction\",\"target\":[\"https:\\\/\\\/fashionandillustration.com\\\/it\\\/tienda\\\/modello-di-scheda-tecnica-di-moda\\\/\"]}]},{\"@type\":\"ImageObject\",\"inLanguage\":\"it-IT\",\"@id\":\"https:\\\/\\\/fashionandillustration.com\\\/it\\\/tienda\\\/modello-di-scheda-tecnica-di-moda\\\/#primaryimage\",\"url\":\"https:\\\/\\\/fashionandillustration.com\\\/wp-content\\\/uploads\\\/2020\\\/08\\\/TEMPLATE-SCHEDA-TECNICA-abbigliamento-Page-1-By-Paola-Castillo.jpg\",\"contentUrl\":\"https:\\\/\\\/fashionandillustration.com\\\/wp-content\\\/uploads\\\/2020\\\/08\\\/TEMPLATE-SCHEDA-TECNICA-abbigliamento-Page-1-By-Paola-Castillo.jpg\",\"width\":1000,\"height\":1000},{\"@type\":\"BreadcrumbList\",\"@id\":\"https:\\\/\\\/fashionandillustration.com\\\/it\\\/tienda\\\/modello-di-scheda-tecnica-di-moda\\\/#breadcrumb\",\"itemListElement\":[{\"@type\":\"ListItem\",\"position\":1,\"name\":\"Home\",\"item\":\"https:\\\/\\\/fashionandillustration.com\\\/it\\\/\"},{\"@type\":\"ListItem\",\"position\":2,\"name\":\"Shop\",\"item\":\"https:\\\/\\\/fashionandillustration.com\\\/it\\\/shop-2\\\/\"},{\"@type\":\"ListItem\",\"position\":3,\"name\":\"MODELLO DI SCHEDA TECNICA DI MODA (modificabile e stampabile)\"}]},{\"@type\":\"WebSite\",\"@id\":\"https:\\\/\\\/fashionandillustration.com\\\/en\\\/#website\",\"url\":\"https:\\\/\\\/fashionandillustration.com\\\/en\\\/\",\"name\":\"\",\"description\":\"\",\"potentialAction\":[{\"@type\":\"SearchAction\",\"target\":{\"@type\":\"EntryPoint\",\"urlTemplate\":\"https:\\\/\\\/fashionandillustration.com\\\/en\\\/?s={search_term_string}\"},\"query-input\":{\"@type\":\"PropertyValueSpecification\",\"valueRequired\":true,\"valueName\":\"search_term_string\"}}],\"inLanguage\":\"it-IT\"}]}<\/script>\n<!-- \/ Yoast SEO plugin. -->","yoast_head_json":{"title":"\u2705 MODELLO DI SCHEDA TECNICA DI MODA (modificabile)","description":"Il template di scheda tecnica de moda offre personalizzazione flessibile, risparmio di tempo, stile professionale e l'automatizzazione del lavoro.","robots":{"index":"index","follow":"follow","max-snippet":"max-snippet:-1","max-image-preview":"max-image-preview:large","max-video-preview":"max-video-preview:-1"},"canonical":"https:\/\/fashionandillustration.com\/it\/tienda\/modello-di-scheda-tecnica-di-moda\/","og_locale":"it_IT","og_type":"article","og_title":"\u2705 MODELLO DI SCHEDA TECNICA DI MODA (modificabile)","og_description":"Il template di scheda tecnica de moda offre personalizzazione flessibile, risparmio di tempo, stile professionale e l'automatizzazione del lavoro.","og_url":"https:\/\/fashionandillustration.com\/it\/tienda\/modello-di-scheda-tecnica-di-moda\/","article_publisher":"https:\/\/www.facebook.com\/fashionandiIlustration\/","article_modified_time":"2024-10-22T17:24:40+00:00","og_image":[{"width":1000,"height":1000,"url":"https:\/\/fashionandillustration.com\/wp-content\/uploads\/2020\/08\/TEMPLATE-SCHEDA-TECNICA-abbigliamento-Page-1-By-Paola-Castillo.jpg","type":"image\/jpeg"}],"twitter_misc":{"Tempo di lettura stimato":"6 minuti"},"schema":{"@context":"https:\/\/schema.org","@graph":[{"@type":"WebPage","@id":"https:\/\/fashionandillustration.com\/it\/tienda\/modello-di-scheda-tecnica-di-moda\/","url":"https:\/\/fashionandillustration.com\/it\/tienda\/modello-di-scheda-tecnica-di-moda\/","name":"\u2705 MODELLO DI SCHEDA TECNICA DI MODA (modificabile)","isPartOf":{"@id":"https:\/\/fashionandillustration.com\/en\/#website"},"primaryImageOfPage":{"@id":"https:\/\/fashionandillustration.com\/it\/tienda\/modello-di-scheda-tecnica-di-moda\/#primaryimage"},"image":{"@id":"https:\/\/fashionandillustration.com\/it\/tienda\/modello-di-scheda-tecnica-di-moda\/#primaryimage"},"thumbnailUrl":"https:\/\/fashionandillustration.com\/wp-content\/uploads\/2020\/08\/TEMPLATE-SCHEDA-TECNICA-abbigliamento-Page-1-By-Paola-Castillo.jpg","datePublished":"2023-08-31T02:24:23+00:00","dateModified":"2024-10-22T17:24:40+00:00","description":"Il template di scheda tecnica de moda offre personalizzazione flessibile, risparmio di tempo, stile professionale e l'automatizzazione del lavoro.","breadcrumb":{"@id":"https:\/\/fashionandillustration.com\/it\/tienda\/modello-di-scheda-tecnica-di-moda\/#breadcrumb"},"inLanguage":"it-IT","potentialAction":[{"@type":"ReadAction","target":["https:\/\/fashionandillustration.com\/it\/tienda\/modello-di-scheda-tecnica-di-moda\/"]}]},{"@type":"ImageObject","inLanguage":"it-IT","@id":"https:\/\/fashionandillustration.com\/it\/tienda\/modello-di-scheda-tecnica-di-moda\/#primaryimage","url":"https:\/\/fashionandillustration.com\/wp-content\/uploads\/2020\/08\/TEMPLATE-SCHEDA-TECNICA-abbigliamento-Page-1-By-Paola-Castillo.jpg","contentUrl":"https:\/\/fashionandillustration.com\/wp-content\/uploads\/2020\/08\/TEMPLATE-SCHEDA-TECNICA-abbigliamento-Page-1-By-Paola-Castillo.jpg","width":1000,"height":1000},{"@type":"BreadcrumbList","@id":"https:\/\/fashionandillustration.com\/it\/tienda\/modello-di-scheda-tecnica-di-moda\/#breadcrumb","itemListElement":[{"@type":"ListItem","position":1,"name":"Home","item":"https:\/\/fashionandillustration.com\/it\/"},{"@type":"ListItem","position":2,"name":"Shop","item":"https:\/\/fashionandillustration.com\/it\/shop-2\/"},{"@type":"ListItem","position":3,"name":"MODELLO DI SCHEDA TECNICA DI MODA (modificabile e stampabile)"}]},{"@type":"WebSite","@id":"https:\/\/fashionandillustration.com\/en\/#website","url":"https:\/\/fashionandillustration.com\/en\/","name":"","description":"","potentialAction":[{"@type":"SearchAction","target":{"@type":"EntryPoint","urlTemplate":"https:\/\/fashionandillustration.com\/en\/?s={search_term_string}"},"query-input":{"@type":"PropertyValueSpecification","valueRequired":true,"valueName":"search_term_string"}}],"inLanguage":"it-IT"}]}},"_links":{"self":[{"href":"https:\/\/fashionandillustration.com\/it\/wp-json\/wp\/v2\/product\/55207","targetHints":{"allow":["GET"]}}],"collection":[{"href":"https:\/\/fashionandillustration.com\/it\/wp-json\/wp\/v2\/product"}],"about":[{"href":"https:\/\/fashionandillustration.com\/it\/wp-json\/wp\/v2\/types\/product"}],"replies":[{"embeddable":true,"href":"https:\/\/fashionandillustration.com\/it\/wp-json\/wp\/v2\/comments?post=55207"}],"wp:featuredmedia":[{"embeddable":true,"href":"https:\/\/fashionandillustration.com\/it\/wp-json\/wp\/v2\/media\/55208"}],"wp:attachment":[{"href":"https:\/\/fashionandillustration.com\/it\/wp-json\/wp\/v2\/media?parent=55207"}],"wp:term":[{"taxonomy":"product_brand","embeddable":true,"href":"https:\/\/fashionandillustration.com\/it\/wp-json\/wp\/v2\/product_brand?post=55207"},{"taxonomy":"product_cat","embeddable":true,"href":"https:\/\/fashionandillustration.com\/it\/wp-json\/wp\/v2\/product_cat?post=55207"},{"taxonomy":"product_tag","embeddable":true,"href":"https:\/\/fashionandillustration.com\/it\/wp-json\/wp\/v2\/product_tag?post=55207"}],"curies":[{"name":"wp","href":"https:\/\/api.w.org\/{rel}","templated":true}]}}